{"id":805,"date":"2023-06-20T09:57:01","date_gmt":"2023-06-20T07:57:01","guid":{"rendered":"https:\/\/4dingenierie.fr\/?page_id=805"},"modified":"2025-06-04T09:59:11","modified_gmt":"2025-06-04T07:59:11","slug":"equipement","status":"publish","type":"page","link":"https:\/\/4dingenierie.fr\/?page_id=805","title":{"rendered":"EQUIPEMENT"},"content":{"rendered":"\t\t<div data-elementor-type=\"wp-page\" data-elementor-id=\"805\" class=\"elementor elementor-805\">\n\t\t\t\t<div class=\"elementor-element elementor-element-0831ea1 e-flex e-con-boxed wpr-particle-no wpr-jarallax-no wpr-parallax-no wpr-sticky-section-no wpr-equal-height-no e-con e-parent\" data-id=\"0831ea1\" data-element_type=\"container\" data-e-type=\"container\">\n\t\t\t\t\t<div class=\"e-con-inner\">\n\t\t\t\t<div class=\"elementor-element elementor-element-4f31bab elementor-widget elementor-widget-heading\" data-id=\"4f31bab\" data-element_type=\"widget\" data-e-type=\"widget\" data-widget_type=\"heading.default\">\n\t\t\t\t<div class=\"elementor-widget-container\">\n\t\t\t\t\t<h2 class=\"elementor-heading-title elementor-size-default\">Les logiciels<\/h2>\t\t\t\t<\/div>\n\t\t\t\t<\/div>\n\t\t\t\t\t<\/div>\n\t\t\t\t<\/div>\n\t\t<div class=\"elementor-element elementor-element-0139006 e-flex e-con-boxed wpr-particle-no wpr-jarallax-no wpr-parallax-no wpr-sticky-section-no wpr-equal-height-no e-con e-parent\" data-id=\"0139006\" data-element_type=\"container\" data-e-type=\"container\">\n\t\t\t\t\t<div class=\"e-con-inner\">\n\t\t\t\t<div class=\"elementor-element elementor-element-853b428 elementor-widget elementor-widget-text-editor\" data-id=\"853b428\" data-element_type=\"widget\" data-e-type=\"widget\" data-widget_type=\"text-editor.default\">\n\t\t\t\t<div class=\"elementor-widget-container\">\n\t\t\t\t\t\t\t\t\t<p><span style=\"font-style: inherit; font-weight: inherit;\">Logiciels ArchiCad, sketchup pour la r\u00e9alisation et lecture des plans.<\/span><\/p>\n<p><span style=\"font-style: inherit; font-weight: inherit;\">Logiciel BIM OFFICE pour la gestion des projets de la construction (CCTP,<\/span><\/p><p><span style=\"font-style: inherit; font-weight: inherit;\">DQE, Appel d\u2019offre, Gestion de chantier, compte rendu, biblioth\u00e8ques CCTP DTU).<\/span><\/p><p><span style=\"font-style: inherit; font-weight: inherit;\">Logiciel Easy-KUTCH (ATTIC+) d\u00e9di\u00e9 au m\u00e9tr\u00e9 quantitatif des ouvrages.<\/span><\/p><p><span style=\"font-style: inherit; font-weight: inherit;\">Logiciel SITEWORKS pour le suivi des lev\u00e9es de r\u00e9serves.<\/span><\/p><p><span style=\"font-style: inherit; font-weight: inherit;\">Logiciel Microsoft PROJECT 2013 pour la gestion du suivi des chantiers.<\/span><\/p><p><span style=\"font-style: inherit; font-weight: inherit;\">Logiciels bureautiques Microsoft OFFICE 2013 pour la r\u00e9daction des&nbsp;<\/span><span style=\"font-style: inherit; font-weight: inherit;\">descriptifs, de la bureautique, etc\u2026<\/span><\/p><p><span style=\"font-style: inherit; font-weight: inherit;\">Logiciel OpenCourrier pour le suivi des courriers et de l\u2019archivage&nbsp;<\/span><span style=\"font-style: inherit; font-weight: inherit;\">\u00e9lectronique.<\/span><\/p><p><span style=\"font-style: inherit; font-weight: inherit;\">Logiciel EBP pour la gestion d\u2019entreprise.<\/span><\/p>\t\t\t\t\t\t\t\t<\/div>\n\t\t\t\t<\/div>\n\t\t\t\t<div class=\"elementor-element elementor-element-ecb660b elementor-widget elementor-widget-heading\" data-id=\"ecb660b\" data-element_type=\"widget\" data-e-type=\"widget\" data-widget_type=\"heading.default\">\n\t\t\t\t<div class=\"elementor-widget-container\">\n\t\t\t\t\t<h2 class=\"elementor-heading-title elementor-size-default\">Le mat\u00e9riel<\/h2>\t\t\t\t<\/div>\n\t\t\t\t<\/div>\n\t\t\t\t\t<\/div>\n\t\t\t\t<\/div>\n\t\t<div class=\"elementor-element elementor-element-517bfef e-grid e-con-boxed wpr-particle-no wpr-jarallax-no wpr-parallax-no wpr-sticky-section-no wpr-equal-height-no e-con e-parent\" data-id=\"517bfef\" data-element_type=\"container\" data-e-type=\"container\">\n\t\t\t\t\t<div class=\"e-con-inner\">\n\t\t\t\t<div class=\"elementor-element elementor-element-254566f elementor-widget elementor-widget-text-editor\" data-id=\"254566f\" data-element_type=\"widget\" data-e-type=\"widget\" data-widget_type=\"text-editor.default\">\n\t\t\t\t<div class=\"elementor-widget-container\">\n\t\t\t\t\t\t\t\t\t<p><u>Un r\u00e9seau d\u2019ordinateurs et de serveurs comprenant<\/u> :<\/p>\n<p><br>&nbsp; &nbsp; Un serveur r\u00e9seau \u00e9quip\u00e9 de Microsoft Server 2012,<\/p><p>&nbsp; &nbsp; Un serveur\/NAS pour le stockage des dossiers,<\/p><p>&nbsp; &nbsp; Deux stations de travail \u00e9quip\u00e9es de Microsoft Windows 8 avec \u00e9crans de 24 pouces,<\/p><p>&nbsp; &nbsp; Deux ordinateurs portables \u00e9quip\u00e9s de Microsoft Windows 8,<\/p><p>&nbsp; &nbsp; Un Traceur HP \u2013 A0 et +,<\/p><p>&nbsp; &nbsp; Un&nbsp;Imprimante laser couleur,<\/p><p>&nbsp; &nbsp; Un&nbsp;Imprimante jet d\u2019encre couleur,<\/p><p>&nbsp; &nbsp; Un&nbsp;connexion professionnelle Internet haut d\u00e9bit,<\/p><p>&nbsp; &nbsp; Deux sauvegardes journali\u00e8res des donn\u00e9es informatiques&#8230;<o:p><\/o:p><\/p>\n<p><br><\/p>\t\t\t\t\t\t\t\t<\/div>\n\t\t\t\t<\/div>\n\t\t\t\t\t<\/div>\n\t\t\t\t<\/div>\n\t\t\t\t<\/div>\n\t\t","protected":false},"excerpt":{"rendered":"<p>Les logiciels Logiciels ArchiCad, sketchup pour la r\u00e9alisation et lecture des plans. Logiciel BIM OFFICE pour la gestion des projets de la construction (CCTP, DQE,&hellip;<\/p>\n","protected":false},"author":1,"featured_media":0,"parent":0,"menu_order":0,"comment_status":"closed","ping_status":"closed","template":"","meta":{"footnotes":""},"class_list":["post-805","page","type-page","status-publish","hentry"],"_links":{"self":[{"href":"https:\/\/4dingenierie.fr\/index.php?rest_route=\/wp\/v2\/pages\/805","targetHints":{"allow":["GET"]}}],"collection":[{"href":"https:\/\/4dingenierie.fr\/index.php?rest_route=\/wp\/v2\/pages"}],"about":[{"href":"https:\/\/4dingenierie.fr\/index.php?rest_route=\/wp\/v2\/types\/page"}],"author":[{"embeddable":true,"href":"https:\/\/4dingenierie.fr\/index.php?rest_route=\/wp\/v2\/users\/1"}],"replies":[{"embeddable":true,"href":"https:\/\/4dingenierie.fr\/index.php?rest_route=%2Fwp%2Fv2%2Fcomments&post=805"}],"version-history":[{"count":12,"href":"https:\/\/4dingenierie.fr\/index.php?rest_route=\/wp\/v2\/pages\/805\/revisions"}],"predecessor-version":[{"id":907,"href":"https:\/\/4dingenierie.fr\/index.php?rest_route=\/wp\/v2\/pages\/805\/revisions\/907"}],"wp:attachment":[{"href":"https:\/\/4dingenierie.fr\/index.php?rest_route=%2Fwp%2Fv2%2Fmedia&parent=805"}],"curies":[{"name":"wp","href":"https:\/\/api.w.org\/{rel}","templated":true}]}}