{"id":535,"date":"2021-08-18T09:21:37","date_gmt":"2021-08-18T07:21:37","guid":{"rendered":"http:\/\/4dingenierie.fr\/?page_id=535"},"modified":"2025-06-05T09:04:37","modified_gmt":"2025-06-05T07:04:37","slug":"entreprise","status":"publish","type":"page","link":"https:\/\/4dingenierie.fr\/?page_id=535","title":{"rendered":"L&rsquo;ENTREPRISE"},"content":{"rendered":"\t\t<div data-elementor-type=\"wp-page\" data-elementor-id=\"535\" class=\"elementor elementor-535\">\n\t\t\t\t<div class=\"elementor-element elementor-element-67ea227 e-flex e-con-boxed wpr-particle-no wpr-jarallax-no wpr-parallax-no wpr-sticky-section-no wpr-equal-height-no e-con e-parent\" data-id=\"67ea227\" data-element_type=\"container\" data-e-type=\"container\">\n\t\t\t\t\t<div class=\"e-con-inner\">\n\t\t\t\t<div class=\"elementor-element elementor-element-2453600 elementor-widget elementor-widget-spacer\" data-id=\"2453600\" data-element_type=\"widget\" data-e-type=\"widget\" data-widget_type=\"spacer.default\">\n\t\t\t\t<div class=\"elementor-widget-container\">\n\t\t\t\t\t\t\t<div class=\"elementor-spacer\">\n\t\t\t<div class=\"elementor-spacer-inner\"><\/div>\n\t\t<\/div>\n\t\t\t\t\t\t<\/div>\n\t\t\t\t<\/div>\n\t\t\t\t\t<\/div>\n\t\t\t\t<\/div>\n\t\t<div class=\"elementor-element elementor-element-679ffce e-con-full e-flex wpr-particle-no wpr-jarallax-no wpr-parallax-no wpr-sticky-section-no wpr-equal-height-no e-con e-parent\" data-id=\"679ffce\" data-element_type=\"container\" data-e-type=\"container\">\n\t\t<div class=\"elementor-element elementor-element-e122b67 e-con-full e-flex wpr-particle-no wpr-jarallax-no wpr-parallax-no wpr-sticky-section-no wpr-equal-height-no e-con e-child\" data-id=\"e122b67\" data-element_type=\"container\" data-e-type=\"container\">\n\t\t\t\t<div class=\"elementor-element elementor-element-9d73f9e elementor-widget elementor-widget-text-editor\" data-id=\"9d73f9e\" data-element_type=\"widget\" data-e-type=\"widget\" data-widget_type=\"text-editor.default\">\n\t\t\t\t<div class=\"elementor-widget-container\">\n\t\t\t\t\t\t\t\t\t<p style=\"font-size: 16px; font-style: normal; font-weight: 400; color: rgb(51, 65, 85); text-align: justify;\"><span style=\"font-weight: 700;\">4D INGENIERIE<\/span>&nbsp;est une entreprise datant de 2013. Nos services apportent aux diff\u00e9rents Ma\u00eetres d\u2019Ouvrage Priv\u00e9s et Publics le meilleur du service et du conseil.<\/p>\n<p style=\"font-size: 16px; font-style: normal; font-weight: 400; color: rgb(51, 65, 85); text-align: justify;\">Pour y parvenir, nous nous basons sur une approche originale de la relation client, construite sur un tr\u00e8s grand respect des engagements pris, une confiance mutuelle ainsi qu\u2019une volont\u00e9 d\u2019\u00e9tablir des relations sur le long terme.<\/p>\n<p style=\"font-size: 16px; font-style: normal; font-weight: 400; color: rgb(51, 65, 85); text-align: justify;\">La comp\u00e9tence reconnue de notre soci\u00e9t\u00e9, notre esprit de transparence et notre qualit\u00e9 de service nous ont permis d\u2019obtenir la confiance de nombreux Ma\u00eetres d\u2019Ouvrages, ce qui permet \u00e0 4D INGENIERIE d\u2019intervenir de mani\u00e8re significative dans de nombreux domaines se rapportant \u00e0 l\u2019\u00e9conomie de la construction :<\/p>\n<p style=\"font-size: 16px; font-style: normal; font-weight: 400; color: rgb(51, 65, 85); text-align: justify;\">&nbsp; &nbsp;<span style=\"font-weight: 700;\">&#8211; Constructions certifi\u00e9es \u00ab PASSIVHAUSS \u00bb,<br>&nbsp; &nbsp;&#8211; Industrie,<br>&nbsp; &nbsp;&#8211; H\u00f4pitaux, Cliniques,<br>&nbsp; &nbsp;&#8211; Maisons de retraite,<br>&nbsp; &nbsp;&#8211; B\u00e2timents publics,<br>&nbsp; &nbsp;&#8211; Enseignement,<br>&nbsp; &nbsp;&#8211; Logements individuels et collectifs,<br>&nbsp; &nbsp;&#8211; Commerces<\/span>.<\/p>\n<p style=\"font-size: 16px; font-style: normal; font-weight: 400; color: rgb(51, 65, 85); text-align: justify;\">Nous sommes situ\u00e9s \u00e0 l\u2019adresse suivante : 7 All\u00e9e de la For\u00eat de la Reine, 54500 Vand\u0153uvre-l\u00e8s-Nancy.<\/p>\t\t\t\t\t\t\t\t<\/div>\n\t\t\t\t<\/div>\n\t\t\t\t<\/div>\n\t\t<div class=\"elementor-element elementor-element-95a0302 e-con-full e-flex wpr-particle-no wpr-jarallax-no wpr-parallax-no wpr-sticky-section-no wpr-equal-height-no e-con e-child\" data-id=\"95a0302\" data-element_type=\"container\" data-e-type=\"container\">\n\t\t\t\t<div class=\"elementor-element elementor-element-5696ba2 elementor-widget elementor-widget-image\" data-id=\"5696ba2\" data-element_type=\"widget\" data-e-type=\"widget\" data-widget_type=\"image.default\">\n\t\t\t\t<div class=\"elementor-widget-container\">\n\t\t\t\t\t\t\t\t\t\t\t\t\t\t\t<img fetchpriority=\"high\" decoding=\"async\" width=\"212\" height=\"300\" src=\"https:\/\/4dingenierie.fr\/wp-content\/uploads\/2025\/06\/16-Didier-Duval-Certif-212x300-1.jpg\" class=\"attachment-large size-large wp-image-949\" alt=\"\" \/>\t\t\t\t\t\t\t\t\t\t\t\t\t\t\t<\/div>\n\t\t\t\t<\/div>\n\t\t\t\t<\/div>\n\t\t<div class=\"elementor-element elementor-element-be2233e e-con-full e-flex wpr-particle-no wpr-jarallax-no wpr-parallax-no wpr-sticky-section-no wpr-equal-height-no e-con e-child\" data-id=\"be2233e\" data-element_type=\"container\" data-e-type=\"container\">\n\t\t\t\t<div class=\"elementor-element elementor-element-caa8a1d elementor-widget elementor-widget-spacer\" data-id=\"caa8a1d\" data-element_type=\"widget\" data-e-type=\"widget\" data-widget_type=\"spacer.default\">\n\t\t\t\t<div class=\"elementor-widget-container\">\n\t\t\t\t\t\t\t<div class=\"elementor-spacer\">\n\t\t\t<div class=\"elementor-spacer-inner\"><\/div>\n\t\t<\/div>\n\t\t\t\t\t\t<\/div>\n\t\t\t\t<\/div>\n\t\t\t\t<div class=\"elementor-element elementor-element-4772f47 elementor-widget elementor-widget-spacer\" data-id=\"4772f47\" data-element_type=\"widget\" data-e-type=\"widget\" data-widget_type=\"spacer.default\">\n\t\t\t\t<div class=\"elementor-widget-container\">\n\t\t\t\t\t\t\t<div class=\"elementor-spacer\">\n\t\t\t<div class=\"elementor-spacer-inner\"><\/div>\n\t\t<\/div>\n\t\t\t\t\t\t<\/div>\n\t\t\t\t<\/div>\n\t\t\t\t<div class=\"elementor-element elementor-element-e634ed8 elementor-widget elementor-widget-image\" data-id=\"e634ed8\" data-element_type=\"widget\" data-e-type=\"widget\" data-widget_type=\"image.default\">\n\t\t\t\t<div class=\"elementor-widget-container\">\n\t\t\t\t\t\t\t\t\t\t\t\t\t\t\t<img decoding=\"async\" src=\"https:\/\/4dingenierie.fr\/wp-content\/uploads\/elementor\/thumbs\/cropped-cropped-logo2-2-pbqx3q43hnp88n56puc9m9pyodnxncdh42z27mufwg.jpg\" title=\"cropped-cropped-logo2-2.jpg\" alt=\"cropped-cropped-logo2-2.jpg\" loading=\"lazy\" \/>\t\t\t\t\t\t\t\t\t\t\t\t\t\t\t<\/div>\n\t\t\t\t<\/div>\n\t\t\t\t<\/div>\n\t\t\t\t<\/div>\n\t\t\t\t<\/div>\n\t\t","protected":false},"excerpt":{"rendered":"<p>4D INGENIERIE&nbsp;est une entreprise datant de 2013. Nos services apportent aux diff\u00e9rents Ma\u00eetres d\u2019Ouvrage Priv\u00e9s et Publics le meilleur du service et du conseil. Pour&hellip;<\/p>\n","protected":false},"author":1,"featured_media":0,"parent":0,"menu_order":0,"comment_status":"closed","ping_status":"closed","template":"","meta":{"footnotes":""},"class_list":["post-535","page","type-page","status-publish","hentry"],"_links":{"self":[{"href":"https:\/\/4dingenierie.fr\/index.php?rest_route=\/wp\/v2\/pages\/535","targetHints":{"allow":["GET"]}}],"collection":[{"href":"https:\/\/4dingenierie.fr\/index.php?rest_route=\/wp\/v2\/pages"}],"about":[{"href":"https:\/\/4dingenierie.fr\/index.php?rest_route=\/wp\/v2\/types\/page"}],"author":[{"embeddable":true,"href":"https:\/\/4dingenierie.fr\/index.php?rest_route=\/wp\/v2\/users\/1"}],"replies":[{"embeddable":true,"href":"https:\/\/4dingenierie.fr\/index.php?rest_route=%2Fwp%2Fv2%2Fcomments&post=535"}],"version-history":[{"count":21,"href":"https:\/\/4dingenierie.fr\/index.php?rest_route=\/wp\/v2\/pages\/535\/revisions"}],"predecessor-version":[{"id":1098,"href":"https:\/\/4dingenierie.fr\/index.php?rest_route=\/wp\/v2\/pages\/535\/revisions\/1098"}],"wp:attachment":[{"href":"https:\/\/4dingenierie.fr\/index.php?rest_route=%2Fwp%2Fv2%2Fmedia&parent=535"}],"curies":[{"name":"wp","href":"https:\/\/api.w.org\/{rel}","templated":true}]}}