{"id":41,"date":"2015-09-02T23:26:57","date_gmt":"2015-09-02T21:26:57","guid":{"rendered":"http:\/\/4dingenierie.fr\/?page_id=41"},"modified":"2025-06-05T09:06:18","modified_gmt":"2025-06-05T07:06:18","slug":"contact","status":"publish","type":"page","link":"https:\/\/4dingenierie.fr\/?page_id=41","title":{"rendered":"Contact"},"content":{"rendered":"\t\t<div data-elementor-type=\"wp-page\" data-elementor-id=\"41\" class=\"elementor elementor-41\">\n\t\t\t\t<div class=\"elementor-element elementor-element-39314aa7 e-flex e-con-boxed wpr-particle-no wpr-jarallax-no wpr-parallax-no wpr-sticky-section-no wpr-equal-height-no e-con e-parent\" data-id=\"39314aa7\" data-element_type=\"container\" data-e-type=\"container\">\n\t\t\t\t\t<div class=\"e-con-inner\">\n\t\t\t\t<div class=\"elementor-element elementor-element-5c4ff5c elementor-widget elementor-widget-spacer\" data-id=\"5c4ff5c\" data-element_type=\"widget\" data-e-type=\"widget\" data-widget_type=\"spacer.default\">\n\t\t\t\t<div class=\"elementor-widget-container\">\n\t\t\t\t\t\t\t<div class=\"elementor-spacer\">\n\t\t\t<div class=\"elementor-spacer-inner\"><\/div>\n\t\t<\/div>\n\t\t\t\t\t\t<\/div>\n\t\t\t\t<\/div>\n\t\t\t\t<div class=\"elementor-element elementor-element-3d7561a2 elementor-widget elementor-widget-text-editor\" data-id=\"3d7561a2\" data-element_type=\"widget\" data-e-type=\"widget\" data-widget_type=\"text-editor.default\">\n\t\t\t\t<div class=\"elementor-widget-container\">\n\t\t\t\t\t\t\t\t\t<p style=\"text-align: center;\"><strong>4D INGENIERIE<\/strong><\/p>\n<p style=\"text-align: center;\">\n7 all\u00e9e de la for\u00eat de la reine<br><\/p>\n<p style=\"text-align: center;\">\n54500 Vand\u0153uvre-l\u00e8s-Nancy<br><\/p>\n<p style=\"text-align: center;\">\nTel : 03 83 24 95 51<\/p>\n<p style=\"text-align: center;\">Courriel : <a href=\"mailto:contact@4di.fr\">contact@4di.fr<\/a><\/p>\n<p style=\"text-align: center;\">Localisation : <a href=\"https:\/\/www.google.com\/maps\/dir\/\/7+All.+de+la+For%C3%AAt+de+la+Reine,+54500+Vand%C5%93uvre-l%C3%A8s-Nancy\/@48.6556232,6.1280368,17z\/data=!4m9!4m8!1m0!1m5!1m1!1s0x4794a23f4a928d03:0x1f16aed90ddecabf!2m2!1d6.1302255!2d48.6556232!3e0?hl=fr\">s\u2019y rendre<\/a><\/p>\t\t\t\t\t\t\t\t<\/div>\n\t\t\t\t<\/div>\n\t\t\t\t\t<\/div>\n\t\t\t\t<\/div>\n\t\t\t\t<\/div>\n\t\t","protected":false},"excerpt":{"rendered":"<p>4D INGENIERIE 7 all\u00e9e de la for\u00eat de la reine 54500 Vand\u0153uvre-l\u00e8s-Nancy Tel : 03 83 24 95 51 Courriel : contact@4di.fr Localisation : s\u2019y&hellip;<\/p>\n","protected":false},"author":1,"featured_media":0,"parent":0,"menu_order":1,"comment_status":"closed","ping_status":"closed","template":"","meta":{"footnotes":""},"class_list":["post-41","page","type-page","status-publish","hentry"],"_links":{"self":[{"href":"https:\/\/4dingenierie.fr\/index.php?rest_route=\/wp\/v2\/pages\/41","targetHints":{"allow":["GET"]}}],"collection":[{"href":"https:\/\/4dingenierie.fr\/index.php?rest_route=\/wp\/v2\/pages"}],"about":[{"href":"https:\/\/4dingenierie.fr\/index.php?rest_route=\/wp\/v2\/types\/page"}],"author":[{"embeddable":true,"href":"https:\/\/4dingenierie.fr\/index.php?rest_route=\/wp\/v2\/users\/1"}],"replies":[{"embeddable":true,"href":"https:\/\/4dingenierie.fr\/index.php?rest_route=%2Fwp%2Fv2%2Fcomments&post=41"}],"version-history":[{"count":23,"href":"https:\/\/4dingenierie.fr\/index.php?rest_route=\/wp\/v2\/pages\/41\/revisions"}],"predecessor-version":[{"id":1113,"href":"https:\/\/4dingenierie.fr\/index.php?rest_route=\/wp\/v2\/pages\/41\/revisions\/1113"}],"wp:attachment":[{"href":"https:\/\/4dingenierie.fr\/index.php?rest_route=%2Fwp%2Fv2%2Fmedia&parent=41"}],"curies":[{"name":"wp","href":"https:\/\/api.w.org\/{rel}","templated":true}]}}